{"id":966,"date":"2020-09-10T11:03:11","date_gmt":"2020-09-10T09:03:11","guid":{"rendered":"https:\/\/www.yogagogo.fr\/?page_id=966"},"modified":"2025-03-20T13:17:07","modified_gmt":"2025-03-20T12:17:07","slug":"lieu","status":"publish","type":"page","link":"https:\/\/www.yogagogo.fr\/index.php\/lieu\/","title":{"rendered":"Lieu"},"content":{"rendered":"<div class=\"wpb-content-wrapper\"><p>[vc_row css=\u00a0\u00bb.vc_custom_1686903129946{margin-top: 100px !important;margin-bottom: 30px !important;}\u00a0\u00bb][vc_column]<div id=\"ultimate-heading-207069e613edc3446\" class=\"uvc-heading ult-adjust-bottom-margin ultimate-heading-207069e613edc3446 uvc-8086 \" data-hspacer=\"no_spacer\"  data-halign=\"center\" style=\"text-align:center\"><div class=\"uvc-heading-spacer no_spacer\" style=\"top\"><\/div><div class=\"uvc-main-heading ult-responsive\"  data-ultimate-target='.uvc-heading.ultimate-heading-207069e613edc3446 h1'  data-responsive-json-new='{\"font-size\":\"desktop:42px;mobile_landscape:34px;\",\"line-height\":\"desktop:52px;mobile_landscape:44px;\"}' ><h1 style=\"--font-weight:theme;margin-bottom:5%;\">Lieu<\/h1><\/div><\/div>[\/vc_column][\/vc_row][vc_row full_height=\u00a0\u00bbyes\u00a0\u00bb bg_type=\u00a0\u00bbgrad\u00a0\u00bb bg_override=\u00a0\u00bbfull\u00a0\u00bb bg_grad=\u00a0\u00bbbackground: -webkit-gradient(linear, left top, left bottom, color-stop(0%, #F9B55C), color-stop(50%, #EE705C), color-stop(100%, #59358C));background: -moz-linear-gradient(50deg,#F9B55C 0%,#EE705C 50%,#59358C 100%);background: -webkit-linear-gradient(50deg,#F9B55C 0%,#EE705C 50%,#59358C 100%);background: -o-linear-gradient(50deg,#F9B55C 0%,#EE705C 50%,#59358C 100%);background: -ms-linear-gradient(50deg,#F9B55C 0%,#EE705C 50%,#59358C 100%);background: linear-gradient(50deg,#F9B55C 0%,#EE705C 50%,#59358C 100%);\u00a0\u00bb css=\u00a0\u00bb.vc_custom_1688389760251{padding-top: 90px !important;padding-bottom: 0px !important;}\u00a0\u00bb el_class=\u00a0\u00bbswap\u00a0\u00bb][vc_column width=\u00a0\u00bb1\/2&Prime; el_class=\u00a0\u00bbswap\u00a0\u00bb][vc_single_image image=\u00a0\u00bb3495&Prime; img_size=\u00a0\u00bblarge\u00a0\u00bb alignment=\u00a0\u00bbcenter\u00a0\u00bb style=\u00a0\u00bbvc_box_circle_2&Prime; css_animation=\u00a0\u00bbbounceInLeft\u00a0\u00bb css=\u00a0\u00bb\u00a0\u00bb][vc_column_text css=\u00a0\u00bb.vc_custom_1693219891069{padding-top: 60px !important;}\u00a0\u00bb]<\/p>\n<h5>Au printemps, nous pratiquons les portes grandes ouvertes, accompagn\u00e9s du parfum de jasmin et au son de l\u2019eau qui coule de la petite fontaine.<\/h5>\n<p>[\/vc_column_text][vc_btn title=\u00a0\u00bbR\u00e9servez votre cours\u00a0\u00bb style=\u00a0\u00bbcustom\u00a0\u00bb custom_background=\u00a0\u00bb#ee6f5c\u00a0\u00bb custom_text=\u00a0\u00bb#ffffff\u00a0\u00bb shape=\u00a0\u00bbround\u00a0\u00bb align=\u00a0\u00bbcenter\u00a0\u00bb i_icon_fontawesome=\u00a0\u00bbfas fa-calendar\u00a0\u00bb css_animation=\u00a0\u00bbbounceIn\u00a0\u00bb css=\u00a0\u00bb.vc_custom_1741708455322{padding-bottom: 50px !important;}\u00a0\u00bb add_icon=\u00a0\u00bbtrue\u00a0\u00bb smooth_scroll=\u00a0\u00bbtrue\u00a0\u00bb link=\u00a0\u00bburl:https%3A%2F%2Fwww.yogagogo.fr%2Findex.php%2Freservez-votre-cours%2F|title:R%C3%A9servez%20votre%20cours\u00a0\u00bb][vc_single_image image=\u00a0\u00bb3492&Prime; img_size=\u00a0\u00bblarge\u00a0\u00bb alignment=\u00a0\u00bbcenter\u00a0\u00bb style=\u00a0\u00bbvc_box_circle_2&Prime; css_animation=\u00a0\u00bbbounceInLeft\u00a0\u00bb css=\u00a0\u00bb\u00a0\u00bb][\/vc_column][vc_column width=\u00a0\u00bb1\/2&Prime; el_class=\u00a0\u00bbswap\u00a0\u00bb][vc_column_text]<\/p>\n<h5>Petit havre de paix \u00e0 deux pas du Th\u00e9\u00e2tre Moli\u00e8re de S\u00e8te, Yogagogo est accueilli par le Studio Le P\u2019tit Denfert. La salle lumineuse et tr\u00e8s spacieuse au fond d\u2019une cour arbor\u00e9e avec son bassin japonais est parfaite pour pratiquer le yoga en toute qui\u00e9tude.<\/h5>\n<p>[\/vc_column_text][vc_single_image image=\u00a0\u00bb3498&Prime; img_size=\u00a0\u00bblarge\u00a0\u00bb alignment=\u00a0\u00bbcenter\u00a0\u00bb style=\u00a0\u00bbvc_box_circle_2&Prime; css_animation=\u00a0\u00bbbounceInRight\u00a0\u00bb css=\u00a0\u00bb.vc_custom_1741708873151{padding-top: 60px !important;}\u00a0\u00bb][vc_column_text css=\u00a0\u00bb.vc_custom_1687859204934{padding-top: 60px !important;}\u00a0\u00bb]<\/p>\n<h5><strong>Studio Le P&rsquo;tit Denfert<\/strong><br \/>\n3 rue Denfert Rochereau<br \/>\n34200 S\u00e8te<\/h5>\n<p>[\/vc_column_text][vc_btn title=\u00a0\u00bbPlan Google\u00a0\u00bb style=\u00a0\u00bbcustom\u00a0\u00bb custom_background=\u00a0\u00bb#ee6f5c\u00a0\u00bb custom_text=\u00a0\u00bb#ffffff\u00a0\u00bb shape=\u00a0\u00bbround\u00a0\u00bb align=\u00a0\u00bbcenter\u00a0\u00bb i_icon_fontawesome=\u00a0\u00bbfas fa-map-marked\u00a0\u00bb css_animation=\u00a0\u00bbbounceIn\u00a0\u00bb css=\u00a0\u00bb.vc_custom_1741708753536{padding-bottom: 60px !important;}\u00a0\u00bb add_icon=\u00a0\u00bbtrue\u00a0\u00bb smooth_scroll=\u00a0\u00bbtrue\u00a0\u00bb link=\u00a0\u00bburl:https%3A%2F%2Fg.co%2Fkgs%2FSPekvWM|title:Plan%20Google\u00a0\u00bb][\/vc_column][\/vc_row]<\/p>\n<\/div>","protected":false},"excerpt":{"rendered":"<p>[vc_row css=\u00a0\u00bb.vc_custom_1686903129946{margin-top: 100px !important;margin-bottom: 30px !important;}\u00a0\u00bb][vc_column][\/vc_column][\/vc_row][vc_row full_height=\u00a0\u00bbyes\u00a0\u00bb bg_type=\u00a0\u00bbgrad\u00a0\u00bb bg_override=\u00a0\u00bbfull\u00a0\u00bb bg_grad=\u00a0\u00bbbackground: -webkit-gradient(linear, left top, left bottom, color-stop(0%, #F9B55C), color-stop(50%, #EE705C), color-stop(100%, #59358C));background: -moz-linear-gradient(50deg,#F9B55C 0%,#EE705C 50%,#59358C 100%);background: -webkit-linear-gradient(50deg,#F9B55C 0%,#EE705C 50%,#59358C 100%);background: -o-linear-gradient(50deg,#F9B55C 0%,#EE705C 50%,#59358C 100%);background: -ms-linear-gradient(50deg,#F9B55C 0%,#EE705C 50%,#59358C 100%);background: linear-gradient(50deg,#F9B55C 0%,#EE705C 50%,#59358C 100%);\u00a0\u00bb css=\u00a0\u00bb.vc_custom_1688389760251{padding-top: 90px !important;padding-bottom: 0px !important;}\u00a0\u00bb el_class=\u00a0\u00bbswap\u00a0\u00bb][vc_column width=\u00a0\u00bb1\/2&Prime; el_class=\u00a0\u00bbswap\u00a0\u00bb][vc_single_image image=\u00a0\u00bb3495&Prime; img_size=\u00a0\u00bblarge\u00a0\u00bb alignment=\u00a0\u00bbcenter\u00a0\u00bb style=\u00a0\u00bbvc_box_circle_2&Prime; css_animation=\u00a0\u00bbbounceInLeft\u00a0\u00bb css=\u00a0\u00bb\u00a0\u00bb][vc_column_text&hellip;<\/p>\n","protected":false},"author":1,"featured_media":0,"parent":0,"menu_order":0,"comment_status":"closed","ping_status":"closed","template":"template-microsite.php","meta":{"footnotes":""},"class_list":["post-966","page","type-page","status-publish","hentry","description-off"],"_links":{"self":[{"href":"https:\/\/www.yogagogo.fr\/index.php\/wp-json\/wp\/v2\/pages\/966","targetHints":{"allow":["GET"]}}],"collection":[{"href":"https:\/\/www.yogagogo.fr\/index.php\/wp-json\/wp\/v2\/pages"}],"about":[{"href":"https:\/\/www.yogagogo.fr\/index.php\/wp-json\/wp\/v2\/types\/page"}],"author":[{"embeddable":true,"href":"https:\/\/www.yogagogo.fr\/index.php\/wp-json\/wp\/v2\/users\/1"}],"replies":[{"embeddable":true,"href":"https:\/\/www.yogagogo.fr\/index.php\/wp-json\/wp\/v2\/comments?post=966"}],"version-history":[{"count":5,"href":"https:\/\/www.yogagogo.fr\/index.php\/wp-json\/wp\/v2\/pages\/966\/revisions"}],"predecessor-version":[{"id":3594,"href":"https:\/\/www.yogagogo.fr\/index.php\/wp-json\/wp\/v2\/pages\/966\/revisions\/3594"}],"wp:attachment":[{"href":"https:\/\/www.yogagogo.fr\/index.php\/wp-json\/wp\/v2\/media?parent=966"}],"curies":[{"name":"wp","href":"https:\/\/api.w.org\/{rel}","templated":true}]}}