{"id":644,"date":"2019-06-18T11:35:07","date_gmt":"2019-06-18T09:35:07","guid":{"rendered":"https:\/\/www.yogagogo.fr\/?page_id=644"},"modified":"2025-03-20T13:18:02","modified_gmt":"2025-03-20T12:18:02","slug":"reservez-votre-cours","status":"publish","type":"page","link":"https:\/\/www.yogagogo.fr\/index.php\/reservez-votre-cours\/","title":{"rendered":"R\u00e9servez votre cours"},"content":{"rendered":"<div class=\"wpb-content-wrapper\"><p>[vc_row css=\u00a0\u00bb.vc_custom_1559739819740{margin-top: 100px !important;margin-bottom: 30px !important;}\u00a0\u00bb][vc_column]<div id=\"ultimate-heading-259169e52af541144\" class=\"uvc-heading ult-adjust-bottom-margin ultimate-heading-259169e52af541144 uvc-4411 \" data-hspacer=\"no_spacer\"  data-halign=\"center\" style=\"text-align:center\"><div class=\"uvc-heading-spacer no_spacer\" style=\"top\"><\/div><div class=\"uvc-main-heading ult-responsive\"  data-ultimate-target='.uvc-heading.ultimate-heading-259169e52af541144 h1'  data-responsive-json-new='{\"font-size\":\"desktop:42px;mobile_landscape:34px;\",\"line-height\":\"desktop:52px;mobile_landscape:44px;\"}' ><h1 style=\"--font-weight:theme;margin-bottom:5%;\">R\u00c9SERVEZ VOTRE COURS<\/h1><\/div><\/div>[\/vc_column][\/vc_row][vc_row full_width=\u00a0\u00bbstretch_row\u00a0\u00bb content_placement=\u00a0\u00bbmiddle\u00a0\u00bb bg_type=\u00a0\u00bbgrad\u00a0\u00bb bg_override=\u00a0\u00bbfull\u00a0\u00bb bg_grad=\u00a0\u00bbbackground: -webkit-gradient(linear, left top, left bottom, color-stop(0%, #F8B45B), color-stop(50%, #EC6F5C), color-stop(100%, #58358A));background: -moz-linear-gradient(50deg,#F8B45B 0%,#EC6F5C 50%,#58358A 100%);background: -webkit-linear-gradient(50deg,#F8B45B 0%,#EC6F5C 50%,#58358A 100%);background: -o-linear-gradient(50deg,#F8B45B 0%,#EC6F5C 50%,#58358A 100%);background: -ms-linear-gradient(50deg,#F8B45B 0%,#EC6F5C 50%,#58358A 100%);background: linear-gradient(50deg,#F8B45B 0%,#EC6F5C 50%,#58358A 100%);\u00a0\u00bb css=\u00a0\u00bb.vc_custom_1687861790100{padding-top: 90px !important;padding-bottom: 60px !important;}\u00a0\u00bb][vc_column][vc_column_text css=\u00a0\u00bb.vc_custom_1731395949079{padding-right: 9% !important;padding-left: 9% !important;}\u00a0\u00bb]<\/p>\n<h5 style=\"color: #ffffff; text-align: center;\">Vous pouvez annuler votre r\u00e9servation jusqu\u2019\u00e0 4 heures avant le d\u00e9but du cours. Au-del\u00e0, le cours est d\u00fb et sera comptabilis\u00e9 sur votre carte.<br \/>\nLes portes sont ferm\u00e9es durant les classes et ouvrent 15 minutes avant le d\u00e9but. Les cours commencent toujours a\u0300 l\u2019heure.<\/h5>\n<p>&nbsp;<\/p>\n<h5 style=\"color: #ffffff; text-align: center;\"><strong>Pour votre premier cours,<\/strong> arrivez 10 minutes avant le d\u00e9but de la s\u00e9ance et pre\u0301sentez-vous a\u0300 l\u2019enseignante. Informez-la de vos possibles probl\u00e8mes de sante\u0301, blessures ou \u00e9ventuellement de votre grossesse. Elle pourra adapter la pratique pour vous !<\/h5>\n<p>[\/vc_column_text][vc_column_text][\/vc_column_text][\/vc_column][\/vc_row][vc_row][vc_column][vc_raw_html]JTVCbW9tb3lvZ2Etc2NoZWR1bGUlMjBzY2hlZHVsZV91cmwlM0QlMjJodHRwcyUzQSUyRiUyRnd3dy5tb21veW9nYS5jb20lMkZ5b2dhZ29nbyUyMiUyRiU1RA==[\/vc_raw_html][\/vc_column][\/vc_row]<\/p>\n<\/div>","protected":false},"excerpt":{"rendered":"<p>[vc_row css=\u00a0\u00bb.vc_custom_1559739819740{margin-top: 100px !important;margin-bottom: 30px !important;}\u00a0\u00bb][vc_column][\/vc_column][\/vc_row][vc_row full_width=\u00a0\u00bbstretch_row\u00a0\u00bb content_placement=\u00a0\u00bbmiddle\u00a0\u00bb bg_type=\u00a0\u00bbgrad\u00a0\u00bb bg_override=\u00a0\u00bbfull\u00a0\u00bb bg_grad=\u00a0\u00bbbackground: -webkit-gradient(linear, left top, left bottom, color-stop(0%, #F8B45B), color-stop(50%, #EC6F5C), color-stop(100%, #58358A));background: -moz-linear-gradient(50deg,#F8B45B 0%,#EC6F5C 50%,#58358A 100%);background: -webkit-linear-gradient(50deg,#F8B45B 0%,#EC6F5C 50%,#58358A 100%);background: -o-linear-gradient(50deg,#F8B45B 0%,#EC6F5C 50%,#58358A 100%);background: -ms-linear-gradient(50deg,#F8B45B 0%,#EC6F5C 50%,#58358A 100%);background: linear-gradient(50deg,#F8B45B 0%,#EC6F5C 50%,#58358A 100%);\u00a0\u00bb css=\u00a0\u00bb.vc_custom_1687861790100{padding-top: 90px !important;padding-bottom: 60px !important;}\u00a0\u00bb][vc_column][vc_column_text css=\u00a0\u00bb.vc_custom_1731395949079{padding-right: 9% !important;padding-left: 9% !important;}\u00a0\u00bb] Vous pouvez annuler&hellip;<\/p>\n","protected":false},"author":1,"featured_media":0,"parent":0,"menu_order":0,"comment_status":"closed","ping_status":"closed","template":"template-microsite.php","meta":{"footnotes":""},"class_list":["post-644","page","type-page","status-publish","hentry","description-off"],"_links":{"self":[{"href":"https:\/\/www.yogagogo.fr\/index.php\/wp-json\/wp\/v2\/pages\/644","targetHints":{"allow":["GET"]}}],"collection":[{"href":"https:\/\/www.yogagogo.fr\/index.php\/wp-json\/wp\/v2\/pages"}],"about":[{"href":"https:\/\/www.yogagogo.fr\/index.php\/wp-json\/wp\/v2\/types\/page"}],"author":[{"embeddable":true,"href":"https:\/\/www.yogagogo.fr\/index.php\/wp-json\/wp\/v2\/users\/1"}],"replies":[{"embeddable":true,"href":"https:\/\/www.yogagogo.fr\/index.php\/wp-json\/wp\/v2\/comments?post=644"}],"version-history":[{"count":1,"href":"https:\/\/www.yogagogo.fr\/index.php\/wp-json\/wp\/v2\/pages\/644\/revisions"}],"predecessor-version":[{"id":3597,"href":"https:\/\/www.yogagogo.fr\/index.php\/wp-json\/wp\/v2\/pages\/644\/revisions\/3597"}],"wp:attachment":[{"href":"https:\/\/www.yogagogo.fr\/index.php\/wp-json\/wp\/v2\/media?parent=644"}],"curies":[{"name":"wp","href":"https:\/\/api.w.org\/{rel}","templated":true}]}}